{"id":625,"date":"2018-07-12T17:42:55","date_gmt":"2018-07-12T17:42:55","guid":{"rendered":"http:\/\/www.indice.es\/eco\/"},"modified":"2024-05-31T09:20:43","modified_gmt":"2024-05-31T09:20:43","slug":"environnement","status":"publish","type":"page","link":"https:\/\/www.indice.es\/fr\/environnement\/","title":{"rendered":"Environnement"},"content":{"rendered":"<div id=\"mcw_full_page\" class=\"mcw_full_page\">[mk_page_section vertical_align=\u00a0\u00bbbottom\u00a0\u00bb bg_image=\u00a0\u00bbhttps:\/\/www.indice.es\/wp-content\/uploads\/eco-imprenta-indice-01-4.jpg\u00a0\u00bb bg_position=\u00a0\u00bbcenter top\u00a0\u00bb bg_repeat=\u00a0\u00bbno-repeat\u00a0\u00bb bg_stretch=\u00a0\u00bbtrue\u00a0\u00bb min_height=\u00a0\u00bb780&Prime; full_width=\u00a0\u00bbtrue\u00a0\u00bb full_height=\u00a0\u00bbtrue\u00a0\u00bb padding_top=\u00a0\u00bb0&Prime; padding_bottom=\u00a0\u00bb0&Prime; sidebar=\u00a0\u00bbsidebar-1&Prime;][vc_column el_class=\u00a0\u00bbseccao\u00a0\u00bb][vc_empty_space height=\u00a0\u00bb30%\u00a0\u00bb][mk_fancy_title size=\u00a0\u00bb48&Prime; force_font_size=\u00a0\u00bbtrue\u00a0\u00bb size_smallscreen=\u00a0\u00bb30&Prime; size_tablet=\u00a0\u00bb20&Prime; size_phone=\u00a0\u00bb18&Prime; line_height=\u00a0\u00bb50&Prime; font_weight=\u00a0\u00bb400&Prime; font_style=\u00a0\u00bbnormal\u00a0\u00bb txt_transform=\u00a0\u00bbnone\u00a0\u00bb font_family=\u00a0\u00bbOpen+Sans\u00a0\u00bb font_type=\u00a0\u00bbgoogle\u00a0\u00bb responsive_align=\u00a0\u00bbleft\u00a0\u00bb el_class=\u00a0\u00bbtitulo-slide\u00a0\u00bb]Notre engagement est aussi environnemental[\/mk_fancy_title][vc_column_text el_class=\u00a0\u00bbtexto-slide-se\u00a0\u00bb css=\u00a0\u00bb.vc_custom_1717141876015{margin-bottom: 0px !important;}\u00a0\u00bb]En plus de former nos employ\u00e9s pour rep\u00e9rer et pr\u00e9venir les risques concernant la s\u00e9curit\u00e9 et l\u2019hygi\u00e8ne, nous avons \u00e9galement mis en place une tra\u00e7abilit\u00e9 des d\u00e9chets et une politique active de recyclage des consommables, en accord avec les politiques nationales et internationales. \u00c0 ce titre, nous avons obtenu les certifications environnementales FSC\u00ae et PEFC. Notre politique de cha\u00eene de contr\u00f4le d\u00b4Indice S.L. est \u00e0 la disposition de toute personne int\u00e9ress\u00e9e. Pour plus d\u00b4informations veuillez nous contacter \u00e0 notre mail <a class=\"link-mail\" href=\"mailto:indice@indice.es\" target=\"_blank\" rel=\"noopener\">indice@indice.es<\/a><\/p>\n<p><img loading=\"lazy\" decoding=\"async\" class=\"alignnone wp-image-15748\" src=\"https:\/\/www.indice.es\/wp-content\/uploads\/fsc-catalan22.png\" alt=\"\" width=\"400\" height=\"99\" \/>[\/vc_column_text][\/vc_column][\/mk_page_section]\n<\/div>","protected":false},"excerpt":{"rendered":"<p>[mk_page_section vertical_align=\u00a0\u00bbbottom\u00a0\u00bb bg_image=\u00a0\u00bbhttps:\/\/www.indice.es\/wp-content\/uploads\/eco-imprenta-indice-01-4.jpg\u00a0\u00bb bg_position=\u00a0\u00bbcenter top\u00a0\u00bb bg_repeat=\u00a0\u00bbno-repeat\u00a0\u00bb bg_stretch=\u00a0\u00bbtrue\u00a0\u00bb min_height=\u00a0\u00bb780&Prime; full_width=\u00a0\u00bbtrue\u00a0\u00bb full_height=\u00a0\u00bbtrue\u00a0\u00bb padding_top=\u00a0\u00bb0&Prime; padding_bottom=\u00a0\u00bb0&Prime; sidebar=\u00a0\u00bbsidebar-1&Prime;][vc_column el_class=\u00a0\u00bbseccao\u00a0\u00bb][vc_empty_space height=\u00a0\u00bb30%\u00a0\u00bb][mk_fancy_title size=\u00a0\u00bb48&Prime; force_font_size=\u00a0\u00bbtrue\u00a0\u00bb size_smallscreen=\u00a0\u00bb30&Prime; size_tablet=\u00a0\u00bb20&Prime; size_phone=\u00a0\u00bb18&Prime; line_height=\u00a0\u00bb50&Prime; font_weight=\u00a0\u00bb400&Prime; font_style=\u00a0\u00bbnormal\u00a0\u00bb txt_transform=\u00a0\u00bbnone\u00a0\u00bb font_family=\u00a0\u00bbOpen+Sans\u00a0\u00bb font_type=\u00a0\u00bbgoogle\u00a0\u00bb responsive_align=\u00a0\u00bbleft\u00a0\u00bb el_class=\u00a0\u00bbtitulo-slide\u00a0\u00bb]Notre engagement est aussi environnemental[\/mk_fancy_title][vc_column_text el_class=\u00a0\u00bbtexto-slide-se\u00a0\u00bb css=\u00a0\u00bb.vc_custom_1717141876015{margin-bottom: 0px !important;}\u00a0\u00bb]En plus de former nos employ\u00e9s pour rep\u00e9rer et pr\u00e9venir les risques concernant la s\u00e9curit\u00e9 et l\u2019hygi\u00e8ne, nous avons \u00e9galement [&hellip;]<\/p>\n","protected":false},"author":1,"featured_media":0,"parent":0,"menu_order":0,"comment_status":"closed","ping_status":"closed","template":"","meta":{"footnotes":""},"class_list":["post-625","page","type-page","status-publish","hentry"],"yoast_head":"<!-- This site is optimized with the Yoast SEO plugin v23.8 - https:\/\/yoast.com\/wordpress\/plugins\/seo\/ -->\n<title>Environnement - Indice<\/title>\n<meta name=\"robots\" content=\"index, follow, max-snippet:-1, max-image-preview:large, max-video-preview:-1\" \/>\n<link rel=\"canonical\" href=\"https:\/\/www.indice.es\/fr\/environnement\/\" \/>\n<meta property=\"og:locale\" content=\"fr_FR\" \/>\n<meta property=\"og:type\" content=\"article\" \/>\n<meta property=\"og:title\" content=\"Environnement - Indice\" \/>\n<meta property=\"og:description\" content=\"[mk_page_section vertical_align=\u00a0\u00bbbottom\u00a0\u00bb bg_image=\u00a0\u00bbhttps:\/\/www.indice.es\/wp-content\/uploads\/eco-imprenta-indice-01-4.jpg\u00a0\u00bb bg_position=\u00a0\u00bbcenter top\u00a0\u00bb bg_repeat=\u00a0\u00bbno-repeat\u00a0\u00bb bg_stretch=\u00a0\u00bbtrue\u00a0\u00bb min_height=\u00a0\u00bb780&Prime; full_width=\u00a0\u00bbtrue\u00a0\u00bb full_height=\u00a0\u00bbtrue\u00a0\u00bb padding_top=\u00a0\u00bb0&Prime; padding_bottom=\u00a0\u00bb0&Prime; sidebar=\u00a0\u00bbsidebar-1&Prime;][vc_column el_class=\u00a0\u00bbseccao\u00a0\u00bb][vc_empty_space height=\u00a0\u00bb30%\u00a0\u00bb][mk_fancy_title size=\u00a0\u00bb48&Prime; force_font_size=\u00a0\u00bbtrue\u00a0\u00bb size_smallscreen=\u00a0\u00bb30&Prime; size_tablet=\u00a0\u00bb20&Prime; size_phone=\u00a0\u00bb18&Prime; line_height=\u00a0\u00bb50&Prime; font_weight=\u00a0\u00bb400&Prime; font_style=\u00a0\u00bbnormal\u00a0\u00bb txt_transform=\u00a0\u00bbnone\u00a0\u00bb font_family=\u00a0\u00bbOpen+Sans\u00a0\u00bb font_type=\u00a0\u00bbgoogle\u00a0\u00bb responsive_align=\u00a0\u00bbleft\u00a0\u00bb el_class=\u00a0\u00bbtitulo-slide\u00a0\u00bb]Notre engagement est aussi environnemental[\/mk_fancy_title][vc_column_text el_class=\u00a0\u00bbtexto-slide-se\u00a0\u00bb css=\u00a0\u00bb.vc_custom_1717141876015{margin-bottom: 0px !important;}\u00a0\u00bb]En plus de former nos employ\u00e9s pour rep\u00e9rer et pr\u00e9venir les risques concernant la s\u00e9curit\u00e9 et l\u2019hygi\u00e8ne, nous avons \u00e9galement [&hellip;]\" \/>\n<meta property=\"og:url\" content=\"https:\/\/www.indice.es\/fr\/environnement\/\" \/>\n<meta property=\"og:site_name\" content=\"Indice\" \/>\n<meta property=\"article:modified_time\" content=\"2024-05-31T09:20:43+00:00\" \/>\n<meta property=\"og:image\" content=\"https:\/\/www.indice.es\/wp-content\/uploads\/fsc-catalan22.png\" \/>\n<meta name=\"twitter:card\" content=\"summary_large_image\" \/>\n<meta name=\"twitter:label1\" content=\"Dur\u00e9e de lecture estim\u00e9e\" \/>\n\t<meta name=\"twitter:data1\" content=\"1 minute\" \/>\n<script type=\"application\/ld+json\" class=\"yoast-schema-graph\">{\"@context\":\"https:\/\/schema.org\",\"@graph\":[{\"@type\":\"WebPage\",\"@id\":\"https:\/\/www.indice.es\/fr\/environnement\/\",\"url\":\"https:\/\/www.indice.es\/fr\/environnement\/\",\"name\":\"Environnement - Indice\",\"isPartOf\":{\"@id\":\"https:\/\/www.indice.es\/#website\"},\"primaryImageOfPage\":{\"@id\":\"https:\/\/www.indice.es\/fr\/environnement\/#primaryimage\"},\"image\":{\"@id\":\"https:\/\/www.indice.es\/fr\/environnement\/#primaryimage\"},\"thumbnailUrl\":\"https:\/\/www.indice.es\/wp-content\/uploads\/fsc-catalan22.png\",\"datePublished\":\"2018-07-12T17:42:55+00:00\",\"dateModified\":\"2024-05-31T09:20:43+00:00\",\"breadcrumb\":{\"@id\":\"https:\/\/www.indice.es\/fr\/environnement\/#breadcrumb\"},\"inLanguage\":\"fr-FR\",\"potentialAction\":[{\"@type\":\"ReadAction\",\"target\":[\"https:\/\/www.indice.es\/fr\/environnement\/\"]}]},{\"@type\":\"ImageObject\",\"inLanguage\":\"fr-FR\",\"@id\":\"https:\/\/www.indice.es\/fr\/environnement\/#primaryimage\",\"url\":\"https:\/\/www.indice.es\/wp-content\/uploads\/fsc-catalan22.png\",\"contentUrl\":\"https:\/\/www.indice.es\/wp-content\/uploads\/fsc-catalan22.png\"},{\"@type\":\"BreadcrumbList\",\"@id\":\"https:\/\/www.indice.es\/fr\/environnement\/#breadcrumb\",\"itemListElement\":[{\"@type\":\"ListItem\",\"position\":1,\"name\":\"Home\",\"item\":\"https:\/\/www.indice.es\/fr\/\"},{\"@type\":\"ListItem\",\"position\":2,\"name\":\"Environnement\"}]},{\"@type\":\"WebSite\",\"@id\":\"https:\/\/www.indice.es\/#website\",\"url\":\"https:\/\/www.indice.es\/\",\"name\":\"Indice\",\"description\":\"\",\"publisher\":{\"@id\":\"https:\/\/www.indice.es\/#organization\"},\"potentialAction\":[{\"@type\":\"SearchAction\",\"target\":{\"@type\":\"EntryPoint\",\"urlTemplate\":\"https:\/\/www.indice.es\/?s={search_term_string}\"},\"query-input\":{\"@type\":\"PropertyValueSpecification\",\"valueRequired\":true,\"valueName\":\"search_term_string\"}}],\"inLanguage\":\"fr-FR\"},{\"@type\":\"Organization\",\"@id\":\"https:\/\/www.indice.es\/#organization\",\"name\":\"Indice\",\"url\":\"https:\/\/www.indice.es\/\",\"logo\":{\"@type\":\"ImageObject\",\"inLanguage\":\"fr-FR\",\"@id\":\"https:\/\/www.indice.es\/#\/schema\/logo\/image\/\",\"url\":\"https:\/\/www.indice.es\/wp-content\/uploads\/indice-logo.png\",\"contentUrl\":\"https:\/\/www.indice.es\/wp-content\/uploads\/indice-logo.png\",\"width\":479,\"height\":119,\"caption\":\"Indice\"},\"image\":{\"@id\":\"https:\/\/www.indice.es\/#\/schema\/logo\/image\/\"}}]}<\/script>\n<!-- \/ Yoast SEO plugin. -->","yoast_head_json":{"title":"Environnement - Indice","robots":{"index":"index","follow":"follow","max-snippet":"max-snippet:-1","max-image-preview":"max-image-preview:large","max-video-preview":"max-video-preview:-1"},"canonical":"https:\/\/www.indice.es\/fr\/environnement\/","og_locale":"fr_FR","og_type":"article","og_title":"Environnement - Indice","og_description":"[mk_page_section vertical_align=\u00a0\u00bbbottom\u00a0\u00bb bg_image=\u00a0\u00bbhttps:\/\/www.indice.es\/wp-content\/uploads\/eco-imprenta-indice-01-4.jpg\u00a0\u00bb bg_position=\u00a0\u00bbcenter top\u00a0\u00bb bg_repeat=\u00a0\u00bbno-repeat\u00a0\u00bb bg_stretch=\u00a0\u00bbtrue\u00a0\u00bb min_height=\u00a0\u00bb780&Prime; full_width=\u00a0\u00bbtrue\u00a0\u00bb full_height=\u00a0\u00bbtrue\u00a0\u00bb padding_top=\u00a0\u00bb0&Prime; padding_bottom=\u00a0\u00bb0&Prime; sidebar=\u00a0\u00bbsidebar-1&Prime;][vc_column el_class=\u00a0\u00bbseccao\u00a0\u00bb][vc_empty_space height=\u00a0\u00bb30%\u00a0\u00bb][mk_fancy_title size=\u00a0\u00bb48&Prime; force_font_size=\u00a0\u00bbtrue\u00a0\u00bb size_smallscreen=\u00a0\u00bb30&Prime; size_tablet=\u00a0\u00bb20&Prime; size_phone=\u00a0\u00bb18&Prime; line_height=\u00a0\u00bb50&Prime; font_weight=\u00a0\u00bb400&Prime; font_style=\u00a0\u00bbnormal\u00a0\u00bb txt_transform=\u00a0\u00bbnone\u00a0\u00bb font_family=\u00a0\u00bbOpen+Sans\u00a0\u00bb font_type=\u00a0\u00bbgoogle\u00a0\u00bb responsive_align=\u00a0\u00bbleft\u00a0\u00bb el_class=\u00a0\u00bbtitulo-slide\u00a0\u00bb]Notre engagement est aussi environnemental[\/mk_fancy_title][vc_column_text el_class=\u00a0\u00bbtexto-slide-se\u00a0\u00bb css=\u00a0\u00bb.vc_custom_1717141876015{margin-bottom: 0px !important;}\u00a0\u00bb]En plus de former nos employ\u00e9s pour rep\u00e9rer et pr\u00e9venir les risques concernant la s\u00e9curit\u00e9 et l\u2019hygi\u00e8ne, nous avons \u00e9galement [&hellip;]","og_url":"https:\/\/www.indice.es\/fr\/environnement\/","og_site_name":"Indice","article_modified_time":"2024-05-31T09:20:43+00:00","og_image":[{"url":"https:\/\/www.indice.es\/wp-content\/uploads\/fsc-catalan22.png"}],"twitter_card":"summary_large_image","twitter_misc":{"Dur\u00e9e de lecture estim\u00e9e":"1 minute"},"schema":{"@context":"https:\/\/schema.org","@graph":[{"@type":"WebPage","@id":"https:\/\/www.indice.es\/fr\/environnement\/","url":"https:\/\/www.indice.es\/fr\/environnement\/","name":"Environnement - Indice","isPartOf":{"@id":"https:\/\/www.indice.es\/#website"},"primaryImageOfPage":{"@id":"https:\/\/www.indice.es\/fr\/environnement\/#primaryimage"},"image":{"@id":"https:\/\/www.indice.es\/fr\/environnement\/#primaryimage"},"thumbnailUrl":"https:\/\/www.indice.es\/wp-content\/uploads\/fsc-catalan22.png","datePublished":"2018-07-12T17:42:55+00:00","dateModified":"2024-05-31T09:20:43+00:00","breadcrumb":{"@id":"https:\/\/www.indice.es\/fr\/environnement\/#breadcrumb"},"inLanguage":"fr-FR","potentialAction":[{"@type":"ReadAction","target":["https:\/\/www.indice.es\/fr\/environnement\/"]}]},{"@type":"ImageObject","inLanguage":"fr-FR","@id":"https:\/\/www.indice.es\/fr\/environnement\/#primaryimage","url":"https:\/\/www.indice.es\/wp-content\/uploads\/fsc-catalan22.png","contentUrl":"https:\/\/www.indice.es\/wp-content\/uploads\/fsc-catalan22.png"},{"@type":"BreadcrumbList","@id":"https:\/\/www.indice.es\/fr\/environnement\/#breadcrumb","itemListElement":[{"@type":"ListItem","position":1,"name":"Home","item":"https:\/\/www.indice.es\/fr\/"},{"@type":"ListItem","position":2,"name":"Environnement"}]},{"@type":"WebSite","@id":"https:\/\/www.indice.es\/#website","url":"https:\/\/www.indice.es\/","name":"Indice","description":"","publisher":{"@id":"https:\/\/www.indice.es\/#organization"},"potentialAction":[{"@type":"SearchAction","target":{"@type":"EntryPoint","urlTemplate":"https:\/\/www.indice.es\/?s={search_term_string}"},"query-input":{"@type":"PropertyValueSpecification","valueRequired":true,"valueName":"search_term_string"}}],"inLanguage":"fr-FR"},{"@type":"Organization","@id":"https:\/\/www.indice.es\/#organization","name":"Indice","url":"https:\/\/www.indice.es\/","logo":{"@type":"ImageObject","inLanguage":"fr-FR","@id":"https:\/\/www.indice.es\/#\/schema\/logo\/image\/","url":"https:\/\/www.indice.es\/wp-content\/uploads\/indice-logo.png","contentUrl":"https:\/\/www.indice.es\/wp-content\/uploads\/indice-logo.png","width":479,"height":119,"caption":"Indice"},"image":{"@id":"https:\/\/www.indice.es\/#\/schema\/logo\/image\/"}}]}},"_links":{"self":[{"href":"https:\/\/www.indice.es\/fr\/wp-json\/wp\/v2\/pages\/625","targetHints":{"allow":["GET"]}}],"collection":[{"href":"https:\/\/www.indice.es\/fr\/wp-json\/wp\/v2\/pages"}],"about":[{"href":"https:\/\/www.indice.es\/fr\/wp-json\/wp\/v2\/types\/page"}],"author":[{"embeddable":true,"href":"https:\/\/www.indice.es\/fr\/wp-json\/wp\/v2\/users\/1"}],"replies":[{"embeddable":true,"href":"https:\/\/www.indice.es\/fr\/wp-json\/wp\/v2\/comments?post=625"}],"version-history":[{"count":7,"href":"https:\/\/www.indice.es\/fr\/wp-json\/wp\/v2\/pages\/625\/revisions"}],"predecessor-version":[{"id":16501,"href":"https:\/\/www.indice.es\/fr\/wp-json\/wp\/v2\/pages\/625\/revisions\/16501"}],"wp:attachment":[{"href":"https:\/\/www.indice.es\/fr\/wp-json\/wp\/v2\/media?parent=625"}],"curies":[{"name":"wp","href":"https:\/\/api.w.org\/{rel}","templated":true}]}}