{"id":626,"date":"2018-07-12T17:42:55","date_gmt":"2018-07-12T17:42:55","guid":{"rendered":"http:\/\/www.indice.es\/eco\/"},"modified":"2024-05-31T09:21:16","modified_gmt":"2024-05-31T09:21:16","slug":"eco","status":"publish","type":"page","link":"https:\/\/www.indice.es\/es\/eco\/","title":{"rendered":"Eco"},"content":{"rendered":"<div id=\"mcw_full_page\" class=\"mcw_full_page\">[mk_page_section vertical_align=\u00bbbottom\u00bb bg_image=\u00bbhttps:\/\/www.indice.es\/wp-content\/uploads\/eco-imprenta-indice-01-4.jpg\u00bb bg_position=\u00bbcenter top\u00bb bg_repeat=\u00bbno-repeat\u00bb bg_stretch=\u00bbtrue\u00bb min_height=\u00bb780&#8243; full_width=\u00bbtrue\u00bb full_height=\u00bbtrue\u00bb padding_top=\u00bb0&#8243; padding_bottom=\u00bb0&#8243; sidebar=\u00bbsidebar-1&#8243;][vc_column el_class=\u00bbseccao\u00bb][vc_empty_space height=\u00bb30%\u00bb][mk_fancy_title size=\u00bb48&#8243; force_font_size=\u00bbtrue\u00bb size_smallscreen=\u00bb30&#8243; size_tablet=\u00bb20&#8243; size_phone=\u00bb18&#8243; line_height=\u00bb50&#8243; font_weight=\u00bb400&#8243; font_style=\u00bbnormal\u00bb txt_transform=\u00bbnone\u00bb font_family=\u00bbOpen+Sans\u00bb font_type=\u00bbgoogle\u00bb responsive_align=\u00bbleft\u00bb el_class=\u00bbtitulo-slide\u00bb]Nuestro compromiso tambi\u00e9n es medioambiental[\/mk_fancy_title][vc_column_text el_class=\u00bbtexto-slide-se\u00bb css=\u00bb.vc_custom_1717141876015{margin-bottom: 0px !important;}\u00bb]Adem\u00e1s de formar a nuestros trabajadores, de detectar y prevenir todo aquello que tiene que ver con la seguridad y la higiene; tambi\u00e9n hemos establecido un registro interno de residuos y una activa pol\u00edtica de reciclaje de consumibles, de acuerdo con la administraci\u00f3n nacional e internacional. Contamos con las certificaciones medioambientales FSC\u00ae y PEFC. La Pol\u00edtica de Cadena de Custodia de Indice S.L. est\u00e1 disponible para toda aquella persona interesada. Pida m\u00e1s informaci\u00f3n a nuestro correo electr\u00f3nico <a class=\"link-mail\" href=\"mailto:indice@indice.es\" target=\"_blank\" rel=\"noopener\">indice@indice.es<\/a><\/p>\n<p><img loading=\"lazy\" decoding=\"async\" class=\"alignnone wp-image-15748\" src=\"https:\/\/www.indice.es\/wp-content\/uploads\/fsc-catalan22.png\" alt=\"\" width=\"400\" height=\"99\" \/>[\/vc_column_text][\/vc_column][\/mk_page_section]\n<\/div>","protected":false},"excerpt":{"rendered":"<p>[mk_page_section vertical_align=\u00bbbottom\u00bb bg_image=\u00bbhttps:\/\/www.indice.es\/wp-content\/uploads\/eco-imprenta-indice-01-4.jpg\u00bb bg_position=\u00bbcenter top\u00bb bg_repeat=\u00bbno-repeat\u00bb bg_stretch=\u00bbtrue\u00bb min_height=\u00bb780&#8243; full_width=\u00bbtrue\u00bb full_height=\u00bbtrue\u00bb padding_top=\u00bb0&#8243; padding_bottom=\u00bb0&#8243; sidebar=\u00bbsidebar-1&#8243;][vc_column el_class=\u00bbseccao\u00bb][vc_empty_space height=\u00bb30%\u00bb][mk_fancy_title size=\u00bb48&#8243; force_font_size=\u00bbtrue\u00bb size_smallscreen=\u00bb30&#8243; size_tablet=\u00bb20&#8243; size_phone=\u00bb18&#8243; line_height=\u00bb50&#8243; font_weight=\u00bb400&#8243; font_style=\u00bbnormal\u00bb txt_transform=\u00bbnone\u00bb font_family=\u00bbOpen+Sans\u00bb font_type=\u00bbgoogle\u00bb responsive_align=\u00bbleft\u00bb el_class=\u00bbtitulo-slide\u00bb]Nuestro compromiso tambi\u00e9n es medioambiental[\/mk_fancy_title][vc_column_text el_class=\u00bbtexto-slide-se\u00bb css=\u00bb.vc_custom_1717141876015{margin-bottom: 0px !important;}\u00bb]Adem\u00e1s de formar a nuestros trabajadores, de detectar y prevenir todo aquello que tiene que ver con la seguridad y [&hellip;]<\/p>\n","protected":false},"author":1,"featured_media":0,"parent":0,"menu_order":0,"comment_status":"closed","ping_status":"closed","template":"","meta":{"footnotes":""},"class_list":["post-626","page","type-page","status-publish","hentry"],"yoast_head":"<!-- This site is optimized with the Yoast SEO plugin v23.8 - https:\/\/yoast.com\/wordpress\/plugins\/seo\/ -->\n<title>Eco - Indice<\/title>\n<meta name=\"robots\" content=\"index, follow, max-snippet:-1, max-image-preview:large, max-video-preview:-1\" \/>\n<link rel=\"canonical\" href=\"https:\/\/www.indice.es\/es\/eco\/\" \/>\n<meta property=\"og:locale\" content=\"es_ES\" \/>\n<meta property=\"og:type\" content=\"article\" \/>\n<meta property=\"og:title\" content=\"Eco - Indice\" \/>\n<meta property=\"og:description\" content=\"[mk_page_section vertical_align=\u00bbbottom\u00bb bg_image=\u00bbhttps:\/\/www.indice.es\/wp-content\/uploads\/eco-imprenta-indice-01-4.jpg\u00bb bg_position=\u00bbcenter top\u00bb bg_repeat=\u00bbno-repeat\u00bb bg_stretch=\u00bbtrue\u00bb min_height=\u00bb780&#8243; full_width=\u00bbtrue\u00bb full_height=\u00bbtrue\u00bb padding_top=\u00bb0&#8243; padding_bottom=\u00bb0&#8243; sidebar=\u00bbsidebar-1&#8243;][vc_column el_class=\u00bbseccao\u00bb][vc_empty_space height=\u00bb30%\u00bb][mk_fancy_title size=\u00bb48&#8243; force_font_size=\u00bbtrue\u00bb size_smallscreen=\u00bb30&#8243; size_tablet=\u00bb20&#8243; size_phone=\u00bb18&#8243; line_height=\u00bb50&#8243; font_weight=\u00bb400&#8243; font_style=\u00bbnormal\u00bb txt_transform=\u00bbnone\u00bb font_family=\u00bbOpen+Sans\u00bb font_type=\u00bbgoogle\u00bb responsive_align=\u00bbleft\u00bb el_class=\u00bbtitulo-slide\u00bb]Nuestro compromiso tambi\u00e9n es medioambiental[\/mk_fancy_title][vc_column_text el_class=\u00bbtexto-slide-se\u00bb css=\u00bb.vc_custom_1717141876015{margin-bottom: 0px !important;}\u00bb]Adem\u00e1s de formar a nuestros trabajadores, de detectar y prevenir todo aquello que tiene que ver con la seguridad y [&hellip;]\" \/>\n<meta property=\"og:url\" content=\"https:\/\/www.indice.es\/es\/eco\/\" \/>\n<meta property=\"og:site_name\" content=\"Indice\" \/>\n<meta property=\"article:modified_time\" content=\"2024-05-31T09:21:16+00:00\" \/>\n<meta property=\"og:image\" content=\"https:\/\/www.indice.es\/wp-content\/uploads\/fsc-catalan22.png\" \/>\n<meta name=\"twitter:card\" content=\"summary_large_image\" \/>\n<meta name=\"twitter:label1\" content=\"Tiempo de lectura\" \/>\n\t<meta name=\"twitter:data1\" content=\"1 minuto\" \/>\n<script type=\"application\/ld+json\" class=\"yoast-schema-graph\">{\"@context\":\"https:\/\/schema.org\",\"@graph\":[{\"@type\":\"WebPage\",\"@id\":\"https:\/\/www.indice.es\/es\/eco\/\",\"url\":\"https:\/\/www.indice.es\/es\/eco\/\",\"name\":\"Eco - Indice\",\"isPartOf\":{\"@id\":\"https:\/\/www.indice.es\/#website\"},\"primaryImageOfPage\":{\"@id\":\"https:\/\/www.indice.es\/es\/eco\/#primaryimage\"},\"image\":{\"@id\":\"https:\/\/www.indice.es\/es\/eco\/#primaryimage\"},\"thumbnailUrl\":\"https:\/\/www.indice.es\/wp-content\/uploads\/fsc-catalan22.png\",\"datePublished\":\"2018-07-12T17:42:55+00:00\",\"dateModified\":\"2024-05-31T09:21:16+00:00\",\"breadcrumb\":{\"@id\":\"https:\/\/www.indice.es\/es\/eco\/#breadcrumb\"},\"inLanguage\":\"es\",\"potentialAction\":[{\"@type\":\"ReadAction\",\"target\":[\"https:\/\/www.indice.es\/es\/eco\/\"]}]},{\"@type\":\"ImageObject\",\"inLanguage\":\"es\",\"@id\":\"https:\/\/www.indice.es\/es\/eco\/#primaryimage\",\"url\":\"https:\/\/www.indice.es\/wp-content\/uploads\/fsc-catalan22.png\",\"contentUrl\":\"https:\/\/www.indice.es\/wp-content\/uploads\/fsc-catalan22.png\"},{\"@type\":\"BreadcrumbList\",\"@id\":\"https:\/\/www.indice.es\/es\/eco\/#breadcrumb\",\"itemListElement\":[{\"@type\":\"ListItem\",\"position\":1,\"name\":\"Home\",\"item\":\"https:\/\/www.indice.es\/es\/\"},{\"@type\":\"ListItem\",\"position\":2,\"name\":\"Eco\"}]},{\"@type\":\"WebSite\",\"@id\":\"https:\/\/www.indice.es\/#website\",\"url\":\"https:\/\/www.indice.es\/\",\"name\":\"Indice\",\"description\":\"\",\"publisher\":{\"@id\":\"https:\/\/www.indice.es\/#organization\"},\"potentialAction\":[{\"@type\":\"SearchAction\",\"target\":{\"@type\":\"EntryPoint\",\"urlTemplate\":\"https:\/\/www.indice.es\/?s={search_term_string}\"},\"query-input\":{\"@type\":\"PropertyValueSpecification\",\"valueRequired\":true,\"valueName\":\"search_term_string\"}}],\"inLanguage\":\"es\"},{\"@type\":\"Organization\",\"@id\":\"https:\/\/www.indice.es\/#organization\",\"name\":\"Indice\",\"url\":\"https:\/\/www.indice.es\/\",\"logo\":{\"@type\":\"ImageObject\",\"inLanguage\":\"es\",\"@id\":\"https:\/\/www.indice.es\/#\/schema\/logo\/image\/\",\"url\":\"https:\/\/www.indice.es\/wp-content\/uploads\/indice-logo.png\",\"contentUrl\":\"https:\/\/www.indice.es\/wp-content\/uploads\/indice-logo.png\",\"width\":479,\"height\":119,\"caption\":\"Indice\"},\"image\":{\"@id\":\"https:\/\/www.indice.es\/#\/schema\/logo\/image\/\"}}]}<\/script>\n<!-- \/ Yoast SEO plugin. -->","yoast_head_json":{"title":"Eco - Indice","robots":{"index":"index","follow":"follow","max-snippet":"max-snippet:-1","max-image-preview":"max-image-preview:large","max-video-preview":"max-video-preview:-1"},"canonical":"https:\/\/www.indice.es\/es\/eco\/","og_locale":"es_ES","og_type":"article","og_title":"Eco - Indice","og_description":"[mk_page_section vertical_align=\u00bbbottom\u00bb bg_image=\u00bbhttps:\/\/www.indice.es\/wp-content\/uploads\/eco-imprenta-indice-01-4.jpg\u00bb bg_position=\u00bbcenter top\u00bb bg_repeat=\u00bbno-repeat\u00bb bg_stretch=\u00bbtrue\u00bb min_height=\u00bb780&#8243; full_width=\u00bbtrue\u00bb full_height=\u00bbtrue\u00bb padding_top=\u00bb0&#8243; padding_bottom=\u00bb0&#8243; sidebar=\u00bbsidebar-1&#8243;][vc_column el_class=\u00bbseccao\u00bb][vc_empty_space height=\u00bb30%\u00bb][mk_fancy_title size=\u00bb48&#8243; force_font_size=\u00bbtrue\u00bb size_smallscreen=\u00bb30&#8243; size_tablet=\u00bb20&#8243; size_phone=\u00bb18&#8243; line_height=\u00bb50&#8243; font_weight=\u00bb400&#8243; font_style=\u00bbnormal\u00bb txt_transform=\u00bbnone\u00bb font_family=\u00bbOpen+Sans\u00bb font_type=\u00bbgoogle\u00bb responsive_align=\u00bbleft\u00bb el_class=\u00bbtitulo-slide\u00bb]Nuestro compromiso tambi\u00e9n es medioambiental[\/mk_fancy_title][vc_column_text el_class=\u00bbtexto-slide-se\u00bb css=\u00bb.vc_custom_1717141876015{margin-bottom: 0px !important;}\u00bb]Adem\u00e1s de formar a nuestros trabajadores, de detectar y prevenir todo aquello que tiene que ver con la seguridad y [&hellip;]","og_url":"https:\/\/www.indice.es\/es\/eco\/","og_site_name":"Indice","article_modified_time":"2024-05-31T09:21:16+00:00","og_image":[{"url":"https:\/\/www.indice.es\/wp-content\/uploads\/fsc-catalan22.png"}],"twitter_card":"summary_large_image","twitter_misc":{"Tiempo de lectura":"1 minuto"},"schema":{"@context":"https:\/\/schema.org","@graph":[{"@type":"WebPage","@id":"https:\/\/www.indice.es\/es\/eco\/","url":"https:\/\/www.indice.es\/es\/eco\/","name":"Eco - Indice","isPartOf":{"@id":"https:\/\/www.indice.es\/#website"},"primaryImageOfPage":{"@id":"https:\/\/www.indice.es\/es\/eco\/#primaryimage"},"image":{"@id":"https:\/\/www.indice.es\/es\/eco\/#primaryimage"},"thumbnailUrl":"https:\/\/www.indice.es\/wp-content\/uploads\/fsc-catalan22.png","datePublished":"2018-07-12T17:42:55+00:00","dateModified":"2024-05-31T09:21:16+00:00","breadcrumb":{"@id":"https:\/\/www.indice.es\/es\/eco\/#breadcrumb"},"inLanguage":"es","potentialAction":[{"@type":"ReadAction","target":["https:\/\/www.indice.es\/es\/eco\/"]}]},{"@type":"ImageObject","inLanguage":"es","@id":"https:\/\/www.indice.es\/es\/eco\/#primaryimage","url":"https:\/\/www.indice.es\/wp-content\/uploads\/fsc-catalan22.png","contentUrl":"https:\/\/www.indice.es\/wp-content\/uploads\/fsc-catalan22.png"},{"@type":"BreadcrumbList","@id":"https:\/\/www.indice.es\/es\/eco\/#breadcrumb","itemListElement":[{"@type":"ListItem","position":1,"name":"Home","item":"https:\/\/www.indice.es\/es\/"},{"@type":"ListItem","position":2,"name":"Eco"}]},{"@type":"WebSite","@id":"https:\/\/www.indice.es\/#website","url":"https:\/\/www.indice.es\/","name":"Indice","description":"","publisher":{"@id":"https:\/\/www.indice.es\/#organization"},"potentialAction":[{"@type":"SearchAction","target":{"@type":"EntryPoint","urlTemplate":"https:\/\/www.indice.es\/?s={search_term_string}"},"query-input":{"@type":"PropertyValueSpecification","valueRequired":true,"valueName":"search_term_string"}}],"inLanguage":"es"},{"@type":"Organization","@id":"https:\/\/www.indice.es\/#organization","name":"Indice","url":"https:\/\/www.indice.es\/","logo":{"@type":"ImageObject","inLanguage":"es","@id":"https:\/\/www.indice.es\/#\/schema\/logo\/image\/","url":"https:\/\/www.indice.es\/wp-content\/uploads\/indice-logo.png","contentUrl":"https:\/\/www.indice.es\/wp-content\/uploads\/indice-logo.png","width":479,"height":119,"caption":"Indice"},"image":{"@id":"https:\/\/www.indice.es\/#\/schema\/logo\/image\/"}}]}},"_links":{"self":[{"href":"https:\/\/www.indice.es\/es\/wp-json\/wp\/v2\/pages\/626","targetHints":{"allow":["GET"]}}],"collection":[{"href":"https:\/\/www.indice.es\/es\/wp-json\/wp\/v2\/pages"}],"about":[{"href":"https:\/\/www.indice.es\/es\/wp-json\/wp\/v2\/types\/page"}],"author":[{"embeddable":true,"href":"https:\/\/www.indice.es\/es\/wp-json\/wp\/v2\/users\/1"}],"replies":[{"embeddable":true,"href":"https:\/\/www.indice.es\/es\/wp-json\/wp\/v2\/comments?post=626"}],"version-history":[{"count":8,"href":"https:\/\/www.indice.es\/es\/wp-json\/wp\/v2\/pages\/626\/revisions"}],"predecessor-version":[{"id":16503,"href":"https:\/\/www.indice.es\/es\/wp-json\/wp\/v2\/pages\/626\/revisions\/16503"}],"wp:attachment":[{"href":"https:\/\/www.indice.es\/es\/wp-json\/wp\/v2\/media?parent=626"}],"curies":[{"name":"wp","href":"https:\/\/api.w.org\/{rel}","templated":true}]}}