{"id":439,"date":"2018-07-24T08:05:29","date_gmt":"2018-07-24T08:05:29","guid":{"rendered":"http:\/\/www.indice.es\/?page_id=439"},"modified":"2024-03-23T12:40:49","modified_gmt":"2024-03-23T12:40:49","slug":"aviso-legal","status":"publish","type":"page","link":"https:\/\/www.indice.es\/es\/aviso-legal\/","title":{"rendered":"Aviso legal"},"content":{"rendered":"<div class=\"wpb-content-wrapper\">[mk_page_section adaptive_height=\u00bbtrue\u00bb max_height=\u00bb\u00bb min_height=\u00bb\u00bb sidebar=\u00bbsidebar-1&#8243;][vc_column][vc_row_inner css=\u00bb.vc_custom_1536601819749{padding-right: 15px !important;padding-left: 15px !important;}\u00bb][vc_column_inner width=\u00bb1\/6&#8243;][\/vc_column_inner][vc_column_inner width=\u00bb2\/3&#8243;][mk_fancy_title color=\u00bb#ffffff\u00bb size=\u00bb24&#8243; font_weight=\u00bbbold\u00bb txt_transform=\u00bbnone\u00bb margin_top=\u00bb40&#8243; margin_bottom=\u00bb\u00bb font_family=\u00bbOpen+Sans\u00bb font_type=\u00bbgoogle\u00bb responsive_align=\u00bbleft\u00bb el_class=\u00bbaviso-legal\u00bb]Aviso Legal[\/mk_fancy_title][vc_column_text el_class=\u00bbtextos-adicionais\u00bb css=\u00bb.vc_custom_1539083996939{margin-bottom: 0px !important;}\u00bb]En cumplimiento con el deber de informaci\u00f3n recogido en art\u00edculo 10 de la Ley 34\/2002, de 11 de julio, de Servicios de la Sociedad de la Informaci\u00f3n y del Comercio Electr\u00f3nico, se se\u00f1alan los siguientes datos: la empresa titular de dominio web es Indice S.L., en adelante, con domicilio a estos efectos en Carrer D, 36, 08040 Barcelona y con n\u00famero de C.I.F. B67136226 inscrita en el Registro Mercantil Tomo 46303 Folio 43 Hoja B-515846 INSCRIPCION 1 con correo electr\u00f3nico de contacto eugenia.rodriguez@indice.es y tel\u00e9fono +34 93 303 68 90.<br \/>\nEn la web www.indice.es hay una serie de contenidos de car\u00e1cter informativo sobre sus servicios e instalaciones.<br \/>\nSu principal objetivo es facilitar a los clientes y al p\u00fablico en general, la informaci\u00f3n relativa a la empresa, a los productos y servicios que se ofrecen<\/p>\n<p><strong>USUARIOS<\/strong><br \/>\nEl acceso y\/o uso de este portal atribuye la condici\u00f3n de Usuario, que acepta los t\u00e9rminos y condiciones generales de uso para poder usar todos los servicios e informaci\u00f3n que se facilitan desde el portal. Dichas condiciones se exponen a continuaci\u00f3n:<\/p>\n<p><strong>T\u00c9RMINOS Y CONDICIONES<\/strong><br \/>\nLas presentes condiciones de uso de la p\u00e1gina web, regulan los t\u00e9rminos de acceso y uso de Indice S.L.. El mero acceso o utilizaci\u00f3n del portal, de todos o parte de sus contenidos y servicios significa la plena aceptaci\u00f3n de las presentes condiciones de uso. La puesta a disposici\u00f3n y el uso del portal se entiende sometida al estricto cumplimiento de los t\u00e9rminos recogidos en las presentes condiciones de uso del portal.<br \/>\nLas presentes condiciones generales de uso del portal regulan el acceso y la utilizaci\u00f3n del portal, incluyendo los contenidos y los servicios puestos a disposici\u00f3n de los usuarios en y\/o a trav\u00e9s del portal, bien por el portal, bien por sus usuarios o por cualquier tercero. No obstante, el acceso y la utilizaci\u00f3n de ciertos contenidos y\/o servicios pueden encontrarse sometidos a determinadas condiciones espec\u00edficas.<br \/>\nLa empresa se reserva la facultad de modificar en cualquier momento las condiciones generales de uso del portal. En todo caso, se recomienda que consulte peri\u00f3dicamente las presentes condiciones generales de uso del portal, ya que pueden ser modificadas.<\/p>\n<p><strong>OBLIGACIONES DEL USUARIO<\/strong><br \/>\nEl usuario deber\u00e1 respetar en todo momento los t\u00e9rminos y condiciones establecidos en el presente aviso legal. De forma expresa el usuario manifiesta que utilizar\u00e1 el portal de forma diligente y asumiendo cualquier responsabilidad que pudiera derivarse del incumplimiento de las normas.<br \/>\nEl usuario se obliga, en aquellos casos que se le soliciten datos o informaci\u00f3n, a no falsear su identidad haci\u00e9ndose pasar por cualquier otra persona. El usuario acepta que la utilizaci\u00f3n del Portal ser\u00e1 efectuada con fines estrictamente personales, privados y particulares. El usuario no podr\u00e1 utilizar el portal para actividades contrarias a la Ley, la moral y el orden p\u00fablico as\u00ed como para finalidades prohibidas o que vulneren o lesionen derechos de terceros. Asimismo, queda prohibida la difusi\u00f3n, almacenamiento y\/o gesti\u00f3n de datos o contenidos que infrinjan derechos de terceros o cualesquiera normativas reguladoras de derechos de propiedad intelectual o industrial.<br \/>\nAs\u00ed mismo, el usuario no podr\u00e1 utilizar el portal para transmitir, almacenar, divulgar promover o distribuir datos o contenidos que sean portadores de virus o cualquier otro c\u00f3digo inform\u00e1tico, archivos o programas dise\u00f1ados para interrumpir, destruir o perjudicar el funcionamiento de cualquier programa o equipo inform\u00e1tico o de telecomunicaciones.<br \/>\nEl usuario se obliga a indemnizar y a mantener indemnes al portal por cualquier da\u00f1o, perjuicio, sanci\u00f3n, multa, pena o indemnizaci\u00f3n que tenga que hacer frente el portal.<\/p>\n<p><strong>PROTECCI\u00d3N DE DATOS<\/strong><br \/>\nEn cumplimiento de lo dispuesto en la Ley Org\u00e1nica 15\/1999, de 13 de Diciembre, de Protecci\u00f3n de Datos de Car\u00e1cter Personal (LOPD) se informa al usuario que todos los datos que nos proporcione ser\u00e1n incorporados a un fichero, creado y mantenido bajo la responsabilidad de \u00cdndice S.L., la cual manifiesta que es titular de ficheros con datos de car\u00e1cter personal debidamente inscritos en el Registro General de la Agencia Espa\u00f1ola de Protecci\u00f3n de Datos y que, en virtud de lo establecido en la LOPD, manifiesta que ha obtenido dichos datos de forma legal y cumpliendo las disposiciones establecidas en la normativa de protecci\u00f3n de datos de car\u00e1cter personal.<br \/>\nEl encargado del tratamiento \u00fanica y exclusivamente aceder\u00e1 y tratar\u00e1 los datos contenidos en los ficheros conforme a las instrucciones del responsable y \u00fanicamente los utilizar\u00e1 o aplicar\u00e1 para realizar, por cuenta del responsable, los servicios espec\u00edficamente contratados.<\/p>\n<p><strong>PROPIEDAD INTELECTUAL E INDUSTRIAL<\/strong><br \/>\n\u00cdndice S.L. es titular de todos los derechos de propiedad intelectual e industrial de su p\u00e1gina web, as\u00ed como de los elementos contenidos en la misma. Todos los derechos est\u00e1n reservados.<br \/>\nEn virtud de lo dispuesto en los art\u00edculos 8 y 32.1, p\u00e1rrafo segundo, de la Ley de Propiedad Intelectual, quedan expresamente prohibidas la reproducci\u00f3n, la distribuci\u00f3n y la comunicaci\u00f3n p\u00fablica, incluida su modalidad de puesta a disposici\u00f3n, de la totalidad o parte de los contenidos de esta p\u00e1gina web, con fines comerciales, en cualquier soporte y por cualquier medio t\u00e9cnico, sin la autorizaci\u00f3n de \u00cdndice S.L.<\/p>\n<p><strong>RESPONSABILIDAD<\/strong><br \/>\nEl portal no garantiza la disponibilidad continua y permanente de los servicios, quedando de este modo exonerado de cualquier responsabilidad por posibles da\u00f1os y perjuicios causados como consecuencia de la falta de disponibilidad del servicio por motivos de fuerza mayor o errores en las redes telem\u00e1ticas de transferencia de datos, ajenos a su voluntad, o por desconexiones realizadas por trabajos de mejora o mantenimiento de los equipos y sistemas inform\u00e1ticos. En estos casos, el portal har\u00e1 sus mejores esfuerzos para avisar con una antelaci\u00f3n de 24 horas a la interrupci\u00f3n. El portal no ser\u00e1 responsable por la interrupci\u00f3n, suspensi\u00f3n o finalizaci\u00f3n de la informaci\u00f3n o servicios. As\u00ed mismo, no se responsabiliza de las posibles omisiones, p\u00e9rdidas de informaci\u00f3n, datos, configuraciones, accesos indebidos o vulneraci\u00f3n de la confidencialidad que tengan origen en problemas t\u00e9cnicos, de comunicaciones u omisiones humanas, causadas por terceros o no imputables al portal. Tampoco responder\u00e1 de los da\u00f1os producidos por ataques inform\u00e1ticos o causados por virus que afecten a programas inform\u00e1ticos, sistemas de comunicaciones o equipos utilizados por el Portal pero fabricados o facilitados por un tercero. El portal podr\u00e1, a su sola discreci\u00f3n, denegar, retirar, suspender y\/o bloquear en cualquier momento y sin necesidad de previo aviso el acceso a la informaci\u00f3n y servicios a aquellos usuarios que incumplan las presentes normas.<br \/>\nExceptuando los casos que la Ley imponga expresamente lo contrario, y exclusivamente con la medida y extensi\u00f3n en que lo imponga, la aplicaci\u00f3n no garantiza ni asume responsabilidad alguna respecto a los posibles da\u00f1os y perjuicios causados por el uso y utilizaci\u00f3n de la informaci\u00f3n, datos y servicios del portal.<br \/>\nEn todo caso, el portal excluye cualquier responsabilidad por los da\u00f1os y perjuicios que puedan deberse a la informaci\u00f3n y\/o servicios prestados o suministrados por terceros diferentes de la Empresa. Toda la responsabilidad ser\u00e1 del tercero ya sea proveedor, colaborador u otro.<\/p>\n<p><strong>POL\u00cdTICA DE COOKIES<\/strong><br \/>\nLa empresa informa de su pol\u00edtica de cookies, cumpliendo as\u00ed con lo previsto en el art\u00edculo 22.2 de la Ley 34\/2002, de 11 de julio de Servicios de la Sociedad de la Informaci\u00f3n y de Comercio Electr\u00f3nico.<br \/>\nCookie es un fichero que se descarga en su ordenador al acceder a determinadas p\u00e1ginas web. Las cookies permiten a una p\u00e1gina web, entre otras cosas, almacenar y recuperar informaci\u00f3n sobre los h\u00e1bitos de navegaci\u00f3n de un usuario o de su equipo y, dependiendo de la informaci\u00f3n que contengan y de la forma en que utilice su equipo, pueden utilizarse para reconocer al usuario. El navegador del usuario memoriza cookies en el disco duro solamente durante la sesi\u00f3n actual ocupando un espacio de memoria m\u00ednimo y no perjudicando su ordenador. Las cookies no contienen ninguna clase de informaci\u00f3n personal espec\u00edfica, y la mayor\u00eda de las mismas se borran del disco duro al finalizar la sesi\u00f3n de navegador.<br \/>\nLa mayor\u00eda de los navegadores aceptan como est\u00e1ndar a las cookies y, con independencia de las mismas, permiten o impiden en los ajustes de seguridad las cookies temporales o<br \/>\nmemorizadas.<br \/>\nSin su consentimiento mediante la activaci\u00f3n de las cookies en su navegador, no se enlazar\u00e1 en las cookies los datos memorizados con sus datos personales proporcionados en el momento del registro o la compra.<br \/>\nEl Usuario acepta expresamente, por la utilizaci\u00f3n de este portal, el tratamiento de la informaci\u00f3n recabada en la forma y con los fines anteriormente mencionados. Y asimismo reconoce conocer la posibilidad de rechazar el tratamiento de tales datos o informaci\u00f3n rechazando el uso de Cookies mediante la selecci\u00f3n de la configuraci\u00f3n apropiada a tal fin en su navegador. Si bien esta opci\u00f3n de bloqueo de Cookies en su navegador puede no permitirle el uso pleno de todas las funcionalidades de la web. Puede usted permitir, bloquear o eliminar las cookies instaladas en su equipo mediante la configuraci\u00f3n de las opciones del navegador instalado en su ordenador.<\/p>\n<p><strong>LEGISLACI\u00d3N APLICABLE Y JURISDICCI\u00d3N<\/strong><br \/>\nLa relaci\u00f3n entre Empresa y Usuario se regir\u00e1 por la normativa espa\u00f1ola vigente y cualquier controversia se someter\u00e1 a los Juzgados y tribunales de la ciudad de Barcelona.[\/vc_column_text][\/vc_column_inner][vc_column_inner width=\u00bb1\/6&#8243;][\/vc_column_inner][\/vc_row_inner][\/vc_column][\/mk_page_section][mk_page_section adaptive_height=\u00bbtrue\u00bb max_height=\u00bb\u00bb min_height=\u00bb\u00bb sidebar=\u00bbsidebar-1&#8243;][vc_column][vc_row_inner css=\u00bb.vc_custom_1536601819749{padding-right: 15px !important;padding-left: 15px !important;}\u00bb][vc_column_inner width=\u00bb1\/6&#8243;][\/vc_column_inner][vc_column_inner width=\u00bb1\/6&#8243;][\/vc_column_inner][\/vc_row_inner][\/vc_column][\/mk_page_section]\n<\/div>","protected":false},"excerpt":{"rendered":"<p>[mk_page_section adaptive_height=\u00bbtrue\u00bb max_height=\u00bb\u00bb min_height=\u00bb\u00bb sidebar=\u00bbsidebar-1&#8243;][vc_column][vc_row_inner css=\u00bb.vc_custom_1536601819749{padding-right: 15px !important;padding-left: 15px !important;}\u00bb][vc_column_inner width=\u00bb1\/6&#8243;][\/vc_column_inner][vc_column_inner width=\u00bb2\/3&#8243;][mk_fancy_title color=\u00bb#ffffff\u00bb size=\u00bb24&#8243; font_weight=\u00bbbold\u00bb txt_transform=\u00bbnone\u00bb margin_top=\u00bb40&#8243; margin_bottom=\u00bb\u00bb font_family=\u00bbOpen+Sans\u00bb font_type=\u00bbgoogle\u00bb responsive_align=\u00bbleft\u00bb el_class=\u00bbaviso-legal\u00bb]Aviso Legal[\/mk_fancy_title][vc_column_text el_class=\u00bbtextos-adicionais\u00bb css=\u00bb.vc_custom_1539083996939{margin-bottom: 0px !important;}\u00bb]En cumplimiento con el deber de informaci\u00f3n recogido en art\u00edculo 10 de la Ley 34\/2002, de 11 de julio, de Servicios de la Sociedad de la Informaci\u00f3n y del [&hellip;]<\/p>\n","protected":false},"author":1,"featured_media":0,"parent":0,"menu_order":0,"comment_status":"closed","ping_status":"closed","template":"","meta":{"footnotes":""},"class_list":["post-439","page","type-page","status-publish","hentry"],"yoast_head":"<!-- This site is optimized with the Yoast SEO plugin v23.8 - https:\/\/yoast.com\/wordpress\/plugins\/seo\/ -->\n<title>Aviso legal - Indice<\/title>\n<meta name=\"robots\" content=\"index, follow, max-snippet:-1, max-image-preview:large, max-video-preview:-1\" \/>\n<link rel=\"canonical\" href=\"https:\/\/www.indice.es\/es\/aviso-legal\/\" \/>\n<meta property=\"og:locale\" content=\"es_ES\" \/>\n<meta property=\"og:type\" content=\"article\" \/>\n<meta property=\"og:title\" content=\"Aviso legal - Indice\" \/>\n<meta property=\"og:description\" content=\"[mk_page_section adaptive_height=\u00bbtrue\u00bb max_height=\u00bb\u00bb min_height=\u00bb\u00bb sidebar=\u00bbsidebar-1&#8243;][vc_column][vc_row_inner css=\u00bb.vc_custom_1536601819749{padding-right: 15px !important;padding-left: 15px !important;}\u00bb][vc_column_inner width=\u00bb1\/6&#8243;][\/vc_column_inner][vc_column_inner width=\u00bb2\/3&#8243;][mk_fancy_title color=\u00bb#ffffff\u00bb size=\u00bb24&#8243; font_weight=\u00bbbold\u00bb txt_transform=\u00bbnone\u00bb margin_top=\u00bb40&#8243; margin_bottom=\u00bb\u00bb font_family=\u00bbOpen+Sans\u00bb font_type=\u00bbgoogle\u00bb responsive_align=\u00bbleft\u00bb el_class=\u00bbaviso-legal\u00bb]Aviso Legal[\/mk_fancy_title][vc_column_text el_class=\u00bbtextos-adicionais\u00bb css=\u00bb.vc_custom_1539083996939{margin-bottom: 0px !important;}\u00bb]En cumplimiento con el deber de informaci\u00f3n recogido en art\u00edculo 10 de la Ley 34\/2002, de 11 de julio, de Servicios de la Sociedad de la Informaci\u00f3n y del [&hellip;]\" \/>\n<meta property=\"og:url\" content=\"https:\/\/www.indice.es\/es\/aviso-legal\/\" \/>\n<meta property=\"og:site_name\" content=\"Indice\" \/>\n<meta property=\"article:modified_time\" content=\"2024-03-23T12:40:49+00:00\" \/>\n<meta name=\"twitter:card\" content=\"summary_large_image\" \/>\n<meta name=\"twitter:label1\" content=\"Tiempo de lectura\" \/>\n\t<meta name=\"twitter:data1\" content=\"3 minutos\" \/>\n<script type=\"application\/ld+json\" class=\"yoast-schema-graph\">{\"@context\":\"https:\/\/schema.org\",\"@graph\":[{\"@type\":\"WebPage\",\"@id\":\"https:\/\/www.indice.es\/es\/aviso-legal\/\",\"url\":\"https:\/\/www.indice.es\/es\/aviso-legal\/\",\"name\":\"Aviso legal - Indice\",\"isPartOf\":{\"@id\":\"https:\/\/www.indice.es\/#website\"},\"datePublished\":\"2018-07-24T08:05:29+00:00\",\"dateModified\":\"2024-03-23T12:40:49+00:00\",\"breadcrumb\":{\"@id\":\"https:\/\/www.indice.es\/es\/aviso-legal\/#breadcrumb\"},\"inLanguage\":\"es\",\"potentialAction\":[{\"@type\":\"ReadAction\",\"target\":[\"https:\/\/www.indice.es\/es\/aviso-legal\/\"]}]},{\"@type\":\"BreadcrumbList\",\"@id\":\"https:\/\/www.indice.es\/es\/aviso-legal\/#breadcrumb\",\"itemListElement\":[{\"@type\":\"ListItem\",\"position\":1,\"name\":\"Home\",\"item\":\"https:\/\/www.indice.es\/es\/\"},{\"@type\":\"ListItem\",\"position\":2,\"name\":\"Aviso legal\"}]},{\"@type\":\"WebSite\",\"@id\":\"https:\/\/www.indice.es\/#website\",\"url\":\"https:\/\/www.indice.es\/\",\"name\":\"Indice\",\"description\":\"\",\"publisher\":{\"@id\":\"https:\/\/www.indice.es\/#organization\"},\"potentialAction\":[{\"@type\":\"SearchAction\",\"target\":{\"@type\":\"EntryPoint\",\"urlTemplate\":\"https:\/\/www.indice.es\/?s={search_term_string}\"},\"query-input\":{\"@type\":\"PropertyValueSpecification\",\"valueRequired\":true,\"valueName\":\"search_term_string\"}}],\"inLanguage\":\"es\"},{\"@type\":\"Organization\",\"@id\":\"https:\/\/www.indice.es\/#organization\",\"name\":\"Indice\",\"url\":\"https:\/\/www.indice.es\/\",\"logo\":{\"@type\":\"ImageObject\",\"inLanguage\":\"es\",\"@id\":\"https:\/\/www.indice.es\/#\/schema\/logo\/image\/\",\"url\":\"https:\/\/www.indice.es\/wp-content\/uploads\/indice-logo.png\",\"contentUrl\":\"https:\/\/www.indice.es\/wp-content\/uploads\/indice-logo.png\",\"width\":479,\"height\":119,\"caption\":\"Indice\"},\"image\":{\"@id\":\"https:\/\/www.indice.es\/#\/schema\/logo\/image\/\"}}]}<\/script>\n<!-- \/ Yoast SEO plugin. -->","yoast_head_json":{"title":"Aviso legal - Indice","robots":{"index":"index","follow":"follow","max-snippet":"max-snippet:-1","max-image-preview":"max-image-preview:large","max-video-preview":"max-video-preview:-1"},"canonical":"https:\/\/www.indice.es\/es\/aviso-legal\/","og_locale":"es_ES","og_type":"article","og_title":"Aviso legal - Indice","og_description":"[mk_page_section adaptive_height=\u00bbtrue\u00bb max_height=\u00bb\u00bb min_height=\u00bb\u00bb sidebar=\u00bbsidebar-1&#8243;][vc_column][vc_row_inner css=\u00bb.vc_custom_1536601819749{padding-right: 15px !important;padding-left: 15px !important;}\u00bb][vc_column_inner width=\u00bb1\/6&#8243;][\/vc_column_inner][vc_column_inner width=\u00bb2\/3&#8243;][mk_fancy_title color=\u00bb#ffffff\u00bb size=\u00bb24&#8243; font_weight=\u00bbbold\u00bb txt_transform=\u00bbnone\u00bb margin_top=\u00bb40&#8243; margin_bottom=\u00bb\u00bb font_family=\u00bbOpen+Sans\u00bb font_type=\u00bbgoogle\u00bb responsive_align=\u00bbleft\u00bb el_class=\u00bbaviso-legal\u00bb]Aviso Legal[\/mk_fancy_title][vc_column_text el_class=\u00bbtextos-adicionais\u00bb css=\u00bb.vc_custom_1539083996939{margin-bottom: 0px !important;}\u00bb]En cumplimiento con el deber de informaci\u00f3n recogido en art\u00edculo 10 de la Ley 34\/2002, de 11 de julio, de Servicios de la Sociedad de la Informaci\u00f3n y del [&hellip;]","og_url":"https:\/\/www.indice.es\/es\/aviso-legal\/","og_site_name":"Indice","article_modified_time":"2024-03-23T12:40:49+00:00","twitter_card":"summary_large_image","twitter_misc":{"Tiempo de lectura":"3 minutos"},"schema":{"@context":"https:\/\/schema.org","@graph":[{"@type":"WebPage","@id":"https:\/\/www.indice.es\/es\/aviso-legal\/","url":"https:\/\/www.indice.es\/es\/aviso-legal\/","name":"Aviso legal - Indice","isPartOf":{"@id":"https:\/\/www.indice.es\/#website"},"datePublished":"2018-07-24T08:05:29+00:00","dateModified":"2024-03-23T12:40:49+00:00","breadcrumb":{"@id":"https:\/\/www.indice.es\/es\/aviso-legal\/#breadcrumb"},"inLanguage":"es","potentialAction":[{"@type":"ReadAction","target":["https:\/\/www.indice.es\/es\/aviso-legal\/"]}]},{"@type":"BreadcrumbList","@id":"https:\/\/www.indice.es\/es\/aviso-legal\/#breadcrumb","itemListElement":[{"@type":"ListItem","position":1,"name":"Home","item":"https:\/\/www.indice.es\/es\/"},{"@type":"ListItem","position":2,"name":"Aviso legal"}]},{"@type":"WebSite","@id":"https:\/\/www.indice.es\/#website","url":"https:\/\/www.indice.es\/","name":"Indice","description":"","publisher":{"@id":"https:\/\/www.indice.es\/#organization"},"potentialAction":[{"@type":"SearchAction","target":{"@type":"EntryPoint","urlTemplate":"https:\/\/www.indice.es\/?s={search_term_string}"},"query-input":{"@type":"PropertyValueSpecification","valueRequired":true,"valueName":"search_term_string"}}],"inLanguage":"es"},{"@type":"Organization","@id":"https:\/\/www.indice.es\/#organization","name":"Indice","url":"https:\/\/www.indice.es\/","logo":{"@type":"ImageObject","inLanguage":"es","@id":"https:\/\/www.indice.es\/#\/schema\/logo\/image\/","url":"https:\/\/www.indice.es\/wp-content\/uploads\/indice-logo.png","contentUrl":"https:\/\/www.indice.es\/wp-content\/uploads\/indice-logo.png","width":479,"height":119,"caption":"Indice"},"image":{"@id":"https:\/\/www.indice.es\/#\/schema\/logo\/image\/"}}]}},"_links":{"self":[{"href":"https:\/\/www.indice.es\/es\/wp-json\/wp\/v2\/pages\/439","targetHints":{"allow":["GET"]}}],"collection":[{"href":"https:\/\/www.indice.es\/es\/wp-json\/wp\/v2\/pages"}],"about":[{"href":"https:\/\/www.indice.es\/es\/wp-json\/wp\/v2\/types\/page"}],"author":[{"embeddable":true,"href":"https:\/\/www.indice.es\/es\/wp-json\/wp\/v2\/users\/1"}],"replies":[{"embeddable":true,"href":"https:\/\/www.indice.es\/es\/wp-json\/wp\/v2\/comments?post=439"}],"version-history":[{"count":2,"href":"https:\/\/www.indice.es\/es\/wp-json\/wp\/v2\/pages\/439\/revisions"}],"predecessor-version":[{"id":16321,"href":"https:\/\/www.indice.es\/es\/wp-json\/wp\/v2\/pages\/439\/revisions\/16321"}],"wp:attachment":[{"href":"https:\/\/www.indice.es\/es\/wp-json\/wp\/v2\/media?parent=439"}],"curies":[{"name":"wp","href":"https:\/\/api.w.org\/{rel}","templated":true}]}}